{"id":13,"date":"2024-08-24T08:03:50","date_gmt":"2024-08-24T08:03:50","guid":{"rendered":"https:\/\/kraphik3d.com\/?page_id=13"},"modified":"2026-03-27T06:25:32","modified_gmt":"2026-03-27T06:25:32","slug":"kuvitukset","status":"publish","type":"page","link":"https:\/\/kraphik3d.com\/index.php\/kuvitukset\/","title":{"rendered":"Kuvitukset"},"content":{"rendered":"<p>Lehtiartikkelien kuvituksia, jotka on julkaistu Skrolli-tietokonelehdess\u00e4.<\/p>\n<p>Dungeons &#038; Dragons -lisenssipelien historia<br \/>\nNelj\u00e4kymment\u00e4 vuotta digitaalisia luolastoja ja lohik\u00e4\u00e4rmeit\u00e4.<br \/>\n3D ja Photoshop<br \/>\n<a href=\"https:\/\/skrolli.fi\/numerot\/2020-3\/#skrolli\">Skrolli 2020.3<\/a> sivu 77. Kirjoittaja: Aleksi Kesseli<\/p>\n<p><img decoding=\"async\" src=\"https:\/\/kraphik3d.com\/kuva\/portfolio\/DandD_skrolli.jpg\" alt=\"ddd\" \/><\/p>\n<p>KYBERPUNKIA SUOMESTA<br \/>\n\u2013 kuinka pohjola ja synke\u00e4 tieteisfiktio sopivat yhteen?<br \/>\n3D renderointi ja Photoshop kuvamanipulaatio.<br \/>\n<a href=\"https:\/\/skrolli.fi\/numerot\/2021-2\/\">Skrolli 2021.2<\/a> sivu 62. Kirjoittaja: Teksti: Miika Auvinen<\/p>\n<p><a href=\"https:\/\/kraphik3d.com\/wp-content\/uploads\/2026\/03\/Suomi_Cyberpunk_kuvitus_valmis_www.jpg\"><img loading=\"lazy\" decoding=\"async\" src=\"https:\/\/kraphik3d.com\/wp-content\/uploads\/2026\/03\/Suomi_Cyberpunk_kuvitus_valmis_www-1024x677.jpg\" alt=\"\" width=\"1024\" height=\"677\" class=\"aligncenter size-large wp-image-286\" srcset=\"https:\/\/kraphik3d.com\/wp-content\/uploads\/2026\/03\/Suomi_Cyberpunk_kuvitus_valmis_www-1024x677.jpg 1024w, https:\/\/kraphik3d.com\/wp-content\/uploads\/2026\/03\/Suomi_Cyberpunk_kuvitus_valmis_www-300x198.jpg 300w, https:\/\/kraphik3d.com\/wp-content\/uploads\/2026\/03\/Suomi_Cyberpunk_kuvitus_valmis_www-768x508.jpg 768w, https:\/\/kraphik3d.com\/wp-content\/uploads\/2026\/03\/Suomi_Cyberpunk_kuvitus_valmis_www-1536x1016.jpg 1536w, https:\/\/kraphik3d.com\/wp-content\/uploads\/2026\/03\/Suomi_Cyberpunk_kuvitus_valmis_www.jpg 1754w\" sizes=\"auto, (max-width: 1024px) 100vw, 1024px\" \/><\/a><\/p>\n<p>T\u00e4ll\u00e4 sivustolla olevat kuvat ovat kaikki tekij\u00e4nsuojalain alaista<br \/>\nmateriaalia ja niit\u00e4 ei saa k\u00e4ytt\u00e4\u00e4 miss\u00e4\u00e4n ilman lupaa eik\u00e4 k\u00e4ytt\u00e4\u00e4 teko\u00e4lyn koulutuksessa.<\/p>\n","protected":false},"excerpt":{"rendered":"<p>Lehtiartikkelien kuvituksia, jotka on julkaistu Skrolli-tietokonelehdess\u00e4. Dungeons &#038; Dragons -lisenssipelien historia Nelj\u00e4kymment\u00e4 vuotta digitaalisia luolastoja ja lohik\u00e4\u00e4rmeit\u00e4. 3D ja Photoshop Skrolli 2020.3 sivu 77. Kirjoittaja: Aleksi Kesseli KYBERPUNKIA SUOMESTA \u2013 kuinka pohjola ja synke\u00e4 tieteisfiktio sopivat yhteen? 3D renderointi ja Photoshop kuvamanipulaatio. Skrolli 2021.2 sivu 62. Kirjoittaja: Teksti: Miika Auvinen T\u00e4ll\u00e4 sivustolla olevat kuvat ovat [&hellip;]<\/p>\n","protected":false},"author":1,"featured_media":0,"parent":0,"menu_order":0,"comment_status":"closed","ping_status":"closed","template":"","meta":{"footnotes":""},"categories":[],"tags":[],"class_list":["post-13","page","type-page","status-publish","hentry"],"_links":{"self":[{"href":"https:\/\/kraphik3d.com\/index.php\/wp-json\/wp\/v2\/pages\/13","targetHints":{"allow":["GET"]}}],"collection":[{"href":"https:\/\/kraphik3d.com\/index.php\/wp-json\/wp\/v2\/pages"}],"about":[{"href":"https:\/\/kraphik3d.com\/index.php\/wp-json\/wp\/v2\/types\/page"}],"author":[{"embeddable":true,"href":"https:\/\/kraphik3d.com\/index.php\/wp-json\/wp\/v2\/users\/1"}],"replies":[{"embeddable":true,"href":"https:\/\/kraphik3d.com\/index.php\/wp-json\/wp\/v2\/comments?post=13"}],"version-history":[{"count":23,"href":"https:\/\/kraphik3d.com\/index.php\/wp-json\/wp\/v2\/pages\/13\/revisions"}],"predecessor-version":[{"id":287,"href":"https:\/\/kraphik3d.com\/index.php\/wp-json\/wp\/v2\/pages\/13\/revisions\/287"}],"wp:attachment":[{"href":"https:\/\/kraphik3d.com\/index.php\/wp-json\/wp\/v2\/media?parent=13"}],"wp:term":[{"taxonomy":"category","embeddable":true,"href":"https:\/\/kraphik3d.com\/index.php\/wp-json\/wp\/v2\/categories?post=13"},{"taxonomy":"post_tag","embeddable":true,"href":"https:\/\/kraphik3d.com\/index.php\/wp-json\/wp\/v2\/tags?post=13"}],"curies":[{"name":"wp","href":"https:\/\/api.w.org\/{rel}","templated":true}]}}