{"id":143,"date":"2025-04-01T12:02:18","date_gmt":"2025-04-01T12:02:18","guid":{"rendered":"https:\/\/kraphik3d.com\/?page_id=143"},"modified":"2025-04-01T12:25:26","modified_gmt":"2025-04-01T12:25:26","slug":"tilaa-tasta","status":"publish","type":"page","link":"https:\/\/kraphik3d.com\/index.php\/tilaa-tasta\/","title":{"rendered":"Tilaa t\u00e4st\u00e4"},"content":{"rendered":"<p>Tilaa 3d-mallinnus tai logo ja ota yhteytt\u00e4 Kimmo (at) kraphik3d (piste) com<br \/>\nL\u00e4ht\u00f6aineisto cad-piirustus, pdf-piirustus tai valmis malli.<\/p>\n<p><strong>Esimerkkihintoja<\/strong><\/p>\n<p>Interioorirenderointi a 200 \u20ac + alv.<br \/>\ntai 2 eri huonetta 350 e + alv.<br \/>\nHinta sis. huoneen 3d-mallinnus, kalusteet ja muu tyylittely.<br \/>\nJos valmis huoneen 3d-malli niin kysy tarjoushinta.<\/p>\n<p><strong>Visualisointipaketti<\/strong><br \/>\nInterioorirenderointi 2 kuvaa ja 1 ulkokuva.<br \/>\nEsimerkiksi olohuone, keitti\u00f6 ja ulkokuva.<br \/>\n650 \u20ac + alv<br \/>\n(Asiakas: Rakennuspalvelu Kokko)<br \/>\n<a href=\"https:\/\/kraphik3d.com\/wp-content\/uploads\/2024\/09\/Laitasaaren-tontin_sisakuva_int2_render_valmis_www-scaled.jpg\"><img loading=\"lazy\" decoding=\"async\" src=\"https:\/\/kraphik3d.com\/wp-content\/uploads\/2024\/09\/Laitasaaren-tontin_sisakuva_int2_render_valmis_www-300x169.jpg\" alt=\"\" width=\"300\" height=\"169\" class=\"aligncenter size-medium wp-image-53\" srcset=\"https:\/\/kraphik3d.com\/wp-content\/uploads\/2024\/09\/Laitasaaren-tontin_sisakuva_int2_render_valmis_www-300x169.jpg 300w, https:\/\/kraphik3d.com\/wp-content\/uploads\/2024\/09\/Laitasaaren-tontin_sisakuva_int2_render_valmis_www-1024x576.jpg 1024w, https:\/\/kraphik3d.com\/wp-content\/uploads\/2024\/09\/Laitasaaren-tontin_sisakuva_int2_render_valmis_www-768x432.jpg 768w, https:\/\/kraphik3d.com\/wp-content\/uploads\/2024\/09\/Laitasaaren-tontin_sisakuva_int2_render_valmis_www-1536x864.jpg 1536w, https:\/\/kraphik3d.com\/wp-content\/uploads\/2024\/09\/Laitasaaren-tontin_sisakuva_int2_render_valmis_www-2048x1152.jpg 2048w\" sizes=\"auto, (max-width: 300px) 100vw, 300px\" \/><\/a><br \/>\n<a href=\"https:\/\/kraphik3d.com\/wp-content\/uploads\/2024\/09\/Laitasaaren-tontin_sisakuva_int1_render_valmis_www-scaled.jpg\"><img loading=\"lazy\" decoding=\"async\" src=\"https:\/\/kraphik3d.com\/wp-content\/uploads\/2024\/09\/Laitasaaren-tontin_sisakuva_int1_render_valmis_www-300x169.jpg\" alt=\"\" width=\"300\" height=\"169\" class=\"aligncenter size-medium wp-image-52\" srcset=\"https:\/\/kraphik3d.com\/wp-content\/uploads\/2024\/09\/Laitasaaren-tontin_sisakuva_int1_render_valmis_www-300x169.jpg 300w, https:\/\/kraphik3d.com\/wp-content\/uploads\/2024\/09\/Laitasaaren-tontin_sisakuva_int1_render_valmis_www-1024x576.jpg 1024w, https:\/\/kraphik3d.com\/wp-content\/uploads\/2024\/09\/Laitasaaren-tontin_sisakuva_int1_render_valmis_www-768x432.jpg 768w, https:\/\/kraphik3d.com\/wp-content\/uploads\/2024\/09\/Laitasaaren-tontin_sisakuva_int1_render_valmis_www-1536x864.jpg 1536w, https:\/\/kraphik3d.com\/wp-content\/uploads\/2024\/09\/Laitasaaren-tontin_sisakuva_int1_render_valmis_www-2048x1152.jpg 2048w\" sizes=\"auto, (max-width: 300px) 100vw, 300px\" \/><\/a><br \/>\n<a href=\"https:\/\/kraphik3d.com\/wp-content\/uploads\/2024\/09\/Laitasaaren-tontin-talo_kuvakulma1_renderointi_valmis.jpg\"><img loading=\"lazy\" decoding=\"async\" src=\"https:\/\/kraphik3d.com\/wp-content\/uploads\/2024\/09\/Laitasaaren-tontin-talo_kuvakulma1_renderointi_valmis-300x169.jpg\" alt=\"\" width=\"300\" height=\"169\" class=\"aligncenter size-medium wp-image-46\" srcset=\"https:\/\/kraphik3d.com\/wp-content\/uploads\/2024\/09\/Laitasaaren-tontin-talo_kuvakulma1_renderointi_valmis-300x169.jpg 300w, https:\/\/kraphik3d.com\/wp-content\/uploads\/2024\/09\/Laitasaaren-tontin-talo_kuvakulma1_renderointi_valmis-1024x576.jpg 1024w, https:\/\/kraphik3d.com\/wp-content\/uploads\/2024\/09\/Laitasaaren-tontin-talo_kuvakulma1_renderointi_valmis-768x432.jpg 768w, https:\/\/kraphik3d.com\/wp-content\/uploads\/2024\/09\/Laitasaaren-tontin-talo_kuvakulma1_renderointi_valmis-1536x864.jpg 1536w, https:\/\/kraphik3d.com\/wp-content\/uploads\/2024\/09\/Laitasaaren-tontin-talo_kuvakulma1_renderointi_valmis.jpg 1920w\" sizes=\"auto, (max-width: 300px) 100vw, 300px\" \/><\/a><\/p>\n<p><strong>Konseptivisualisointi (siluetti) tai muu ei fotorealistinen visualisointi<\/strong><br \/>\n2 kpl 200 \u20ac + alv<\/p>\n<p>(asiakas: Idea ja Tuotanto Wolt Oy)<\/p>\n<p><a href=\"https:\/\/kraphik3d.com\/wp-content\/uploads\/2025\/04\/siluetit.jpg\"><img loading=\"lazy\" decoding=\"async\" src=\"https:\/\/kraphik3d.com\/wp-content\/uploads\/2025\/04\/siluetit-300x252.jpg\" alt=\"\" width=\"300\" height=\"252\" class=\"aligncenter size-medium wp-image-149\" srcset=\"https:\/\/kraphik3d.com\/wp-content\/uploads\/2025\/04\/siluetit-300x252.jpg 300w, https:\/\/kraphik3d.com\/wp-content\/uploads\/2025\/04\/siluetit-768x646.jpg 768w, https:\/\/kraphik3d.com\/wp-content\/uploads\/2025\/04\/siluetit.jpg 800w\" sizes=\"auto, (max-width: 300px) 100vw, 300px\" \/><\/a><\/p>\n<p><strong>Kerrostalon 3d-mallinnus <\/strong><br \/>\n3d-mallinnus cad-kuvista ja renderointi<br \/>\na 650 \u20ac + alv<br \/>\nJos valmis 3d-malli kysy tarjous.<\/p>\n<p><a href=\"https:\/\/kraphik3d.com\/wp-content\/uploads\/2025\/04\/katarina_piha_web-scaled.jpg\"><img loading=\"lazy\" decoding=\"async\" src=\"https:\/\/kraphik3d.com\/wp-content\/uploads\/2025\/04\/katarina_piha_web-300x212.jpg\" alt=\"\" width=\"300\" height=\"212\" class=\"aligncenter size-medium wp-image-148\" srcset=\"https:\/\/kraphik3d.com\/wp-content\/uploads\/2025\/04\/katarina_piha_web-300x212.jpg 300w, https:\/\/kraphik3d.com\/wp-content\/uploads\/2025\/04\/katarina_piha_web-1024x724.jpg 1024w, https:\/\/kraphik3d.com\/wp-content\/uploads\/2025\/04\/katarina_piha_web-768x543.jpg 768w, https:\/\/kraphik3d.com\/wp-content\/uploads\/2025\/04\/katarina_piha_web-1536x1086.jpg 1536w, https:\/\/kraphik3d.com\/wp-content\/uploads\/2025\/04\/katarina_piha_web-2048x1448.jpg 2048w\" sizes=\"auto, (max-width: 300px) 100vw, 300px\" \/><\/a><\/p>\n<p>Logosuunnittelu vain fontti ja v\u00e4ritys<br \/>\n100 \u20ac + alv<\/p>\n<p>Esimerkki Teleman logo perus<br \/>\n<a href=\"https:\/\/kraphik3d.com\/wp-content\/uploads\/2025\/04\/teleman.png\"><img loading=\"lazy\" decoding=\"async\" src=\"https:\/\/kraphik3d.com\/wp-content\/uploads\/2025\/04\/teleman-300x73.png\" alt=\"\" width=\"300\" height=\"73\" class=\"aligncenter size-medium wp-image-147\" srcset=\"https:\/\/kraphik3d.com\/wp-content\/uploads\/2025\/04\/teleman-300x73.png 300w, https:\/\/kraphik3d.com\/wp-content\/uploads\/2025\/04\/teleman-1024x250.png 1024w, https:\/\/kraphik3d.com\/wp-content\/uploads\/2025\/04\/teleman-768x188.png 768w, https:\/\/kraphik3d.com\/wp-content\/uploads\/2025\/04\/teleman.png 1374w\" sizes=\"auto, (max-width: 300px) 100vw, 300px\" \/><\/a><\/p>\n<p>Logosuunnittelu monimutkainen v\u00e4rillinen<\/p>\n<p>250 \u20ac + alv<\/p>\n<p><strong>3d-animaatio <\/strong>(kysy tarjous)<\/p>\n<p><iframe loading=\"lazy\" title=\"Turck Duotec - Electronics overmolding animation demoreel 1080p\" width=\"500\" height=\"281\" src=\"https:\/\/www.youtube.com\/embed\/Ve8ttaHpHpY?start=7&#038;feature=oembed\" frameborder=\"0\" allow=\"accelerometer; autoplay; clipboard-write; encrypted-media; gyroscope; picture-in-picture; web-share\" referrerpolicy=\"strict-origin-when-cross-origin\" allowfullscreen><\/iframe><\/p>\n","protected":false},"excerpt":{"rendered":"<p>Tilaa 3d-mallinnus tai logo ja ota yhteytt\u00e4 Kimmo (at) kraphik3d (piste) com L\u00e4ht\u00f6aineisto cad-piirustus, pdf-piirustus tai valmis malli. Esimerkkihintoja Interioorirenderointi a 200 \u20ac + alv. tai 2 eri huonetta 350 e + alv. Hinta sis. huoneen 3d-mallinnus, kalusteet ja muu tyylittely. Jos valmis huoneen 3d-malli niin kysy tarjoushinta. Visualisointipaketti Interioorirenderointi 2 kuvaa ja 1 ulkokuva. [&hellip;]<\/p>\n","protected":false},"author":1,"featured_media":0,"parent":0,"menu_order":0,"comment_status":"closed","ping_status":"closed","template":"","meta":{"footnotes":""},"categories":[],"tags":[],"class_list":["post-143","page","type-page","status-publish","hentry"],"_links":{"self":[{"href":"https:\/\/kraphik3d.com\/index.php\/wp-json\/wp\/v2\/pages\/143","targetHints":{"allow":["GET"]}}],"collection":[{"href":"https:\/\/kraphik3d.com\/index.php\/wp-json\/wp\/v2\/pages"}],"about":[{"href":"https:\/\/kraphik3d.com\/index.php\/wp-json\/wp\/v2\/types\/page"}],"author":[{"embeddable":true,"href":"https:\/\/kraphik3d.com\/index.php\/wp-json\/wp\/v2\/users\/1"}],"replies":[{"embeddable":true,"href":"https:\/\/kraphik3d.com\/index.php\/wp-json\/wp\/v2\/comments?post=143"}],"version-history":[{"count":10,"href":"https:\/\/kraphik3d.com\/index.php\/wp-json\/wp\/v2\/pages\/143\/revisions"}],"predecessor-version":[{"id":156,"href":"https:\/\/kraphik3d.com\/index.php\/wp-json\/wp\/v2\/pages\/143\/revisions\/156"}],"wp:attachment":[{"href":"https:\/\/kraphik3d.com\/index.php\/wp-json\/wp\/v2\/media?parent=143"}],"wp:term":[{"taxonomy":"category","embeddable":true,"href":"https:\/\/kraphik3d.com\/index.php\/wp-json\/wp\/v2\/categories?post=143"},{"taxonomy":"post_tag","embeddable":true,"href":"https:\/\/kraphik3d.com\/index.php\/wp-json\/wp\/v2\/tags?post=143"}],"curies":[{"name":"wp","href":"https:\/\/api.w.org\/{rel}","templated":true}]}}