{"id":193,"date":"2026-03-09T08:26:01","date_gmt":"2026-03-09T08:26:01","guid":{"rendered":"https:\/\/kraphik3d.com\/?page_id=193"},"modified":"2026-03-09T11:15:59","modified_gmt":"2026-03-09T11:15:59","slug":"ai","status":"publish","type":"page","link":"https:\/\/kraphik3d.com\/index.php\/ai\/","title":{"rendered":"AI"},"content":{"rendered":"<p>Teko\u00e4lyll\u00e4 voidaan tuottaa asiakkaalle realistinen mainosvideo viraalimarkkinointiin.<br \/>\nKatso esimerkki ja kysy meilt\u00e4 tarjous.<\/p>\n<p>Tuote-esittely<br \/>\n<iframe loading=\"lazy\" title=\"Gemini Pro AI text to video English\" width=\"422\" height=\"750\" src=\"https:\/\/www.youtube.com\/embed\/Iy9FBZ9OSEU?feature=oembed\" frameborder=\"0\" allow=\"accelerometer; autoplay; clipboard-write; encrypted-media; gyroscope; picture-in-picture; web-share\" referrerpolicy=\"strict-origin-when-cross-origin\" allowfullscreen><\/iframe><\/p>\n<p>Kohderyhm\u00e4: Perhe ja lapset<\/p>\n<p><iframe loading=\"lazy\" title=\"Happy family AI created video\" width=\"422\" height=\"750\" src=\"https:\/\/www.youtube.com\/embed\/MmoIn9Aj2u8?feature=oembed\" frameborder=\"0\" allow=\"accelerometer; autoplay; clipboard-write; encrypted-media; gyroscope; picture-in-picture; web-share\" referrerpolicy=\"strict-origin-when-cross-origin\" allowfullscreen><\/iframe><\/p>\n","protected":false},"excerpt":{"rendered":"<p>Teko\u00e4lyll\u00e4 voidaan tuottaa asiakkaalle realistinen mainosvideo viraalimarkkinointiin. Katso esimerkki ja kysy meilt\u00e4 tarjous. Tuote-esittely Kohderyhm\u00e4: Perhe ja lapset<\/p>\n","protected":false},"author":1,"featured_media":0,"parent":0,"menu_order":0,"comment_status":"closed","ping_status":"closed","template":"","meta":{"footnotes":""},"categories":[],"tags":[],"class_list":["post-193","page","type-page","status-publish","hentry"],"_links":{"self":[{"href":"https:\/\/kraphik3d.com\/index.php\/wp-json\/wp\/v2\/pages\/193","targetHints":{"allow":["GET"]}}],"collection":[{"href":"https:\/\/kraphik3d.com\/index.php\/wp-json\/wp\/v2\/pages"}],"about":[{"href":"https:\/\/kraphik3d.com\/index.php\/wp-json\/wp\/v2\/types\/page"}],"author":[{"embeddable":true,"href":"https:\/\/kraphik3d.com\/index.php\/wp-json\/wp\/v2\/users\/1"}],"replies":[{"embeddable":true,"href":"https:\/\/kraphik3d.com\/index.php\/wp-json\/wp\/v2\/comments?post=193"}],"version-history":[{"count":3,"href":"https:\/\/kraphik3d.com\/index.php\/wp-json\/wp\/v2\/pages\/193\/revisions"}],"predecessor-version":[{"id":196,"href":"https:\/\/kraphik3d.com\/index.php\/wp-json\/wp\/v2\/pages\/193\/revisions\/196"}],"wp:attachment":[{"href":"https:\/\/kraphik3d.com\/index.php\/wp-json\/wp\/v2\/media?parent=193"}],"wp:term":[{"taxonomy":"category","embeddable":true,"href":"https:\/\/kraphik3d.com\/index.php\/wp-json\/wp\/v2\/categories?post=193"},{"taxonomy":"post_tag","embeddable":true,"href":"https:\/\/kraphik3d.com\/index.php\/wp-json\/wp\/v2\/tags?post=193"}],"curies":[{"name":"wp","href":"https:\/\/api.w.org\/{rel}","templated":true}]}}