{"id":198,"date":"2026-03-12T14:10:44","date_gmt":"2026-03-12T14:10:44","guid":{"rendered":"https:\/\/kraphik3d.com\/?page_id=198"},"modified":"2026-03-24T16:00:43","modified_gmt":"2026-03-24T16:00:43","slug":"cinema-4d-koulutus","status":"publish","type":"page","link":"https:\/\/kraphik3d.com\/index.php\/cinema-4d-koulutus\/","title":{"rendered":"Cinema 4D koulutus"},"content":{"rendered":"<p><strong>Cinema 4D opetustilaisuudet<\/strong><\/p>\n<p>Kraphik 3D tarjoaa Cinema 4D koulutusta sek\u00e4<br \/>\nTeams v\u00e4litteisesti ett\u00e4 asiakkaan tiloissa.<br \/>\nAllekirjoittanut on tehnyt koulutuksia aina<br \/>\nalkaen vuodesta 2011. Olin t\u00f6iss\u00e4<br \/>\nmaahantuojalla vuonna 2010, jossa<br \/>\nsain koulutuksen ohjelmaan sek\u00e4 j\u00e4lleenmyyj\u00e4lt\u00e4<br \/>\nett\u00e4 lis\u00e4koulutuksia sen kehitt\u00e4jilt\u00e4 Saksasta.<\/p>\n<p><a href=\"https:\/\/kraphik3d.com\/wp-content\/uploads\/2026\/03\/Maxon-Cinema-4D-R21-680x383-1.jpg\"><img loading=\"lazy\" decoding=\"async\" src=\"https:\/\/kraphik3d.com\/wp-content\/uploads\/2026\/03\/Maxon-Cinema-4D-R21-680x383-1.jpg\" alt=\"\" width=\"680\" height=\"383\" class=\"alignleft size-full wp-image-255\" srcset=\"https:\/\/kraphik3d.com\/wp-content\/uploads\/2026\/03\/Maxon-Cinema-4D-R21-680x383-1.jpg 680w, https:\/\/kraphik3d.com\/wp-content\/uploads\/2026\/03\/Maxon-Cinema-4D-R21-680x383-1-300x169.jpg 300w\" sizes=\"auto, (max-width: 680px) 100vw, 680px\" \/><\/a><\/p>\n<p><a href=\"https:\/\/www.maxon.net\/en\/\">Mik\u00e4 Cinema 4D on?<\/a><\/p>\n<p>Cinema 4D on kaupallinen kolmiulotteiseen mallinnukseen sek\u00e4 animointiin tarkoitettu ohjelma. Sen on kehitt\u00e4nyt MAXON Computer GmbH Friedrichsdorfin kaupungista Saksasta. Ohjelmalla pystyy toteuttamaan helposti kolmiulotteisia visualisointeja. (wikipedia)<\/p>\n<p><a href=\"https:\/\/kraphik3d.com\/wp-content\/uploads\/2026\/03\/321-3217920_cinema-4d-logo-maxon-cinema-4d-logo-vector.png\"><img loading=\"lazy\" decoding=\"async\" src=\"https:\/\/kraphik3d.com\/wp-content\/uploads\/2026\/03\/321-3217920_cinema-4d-logo-maxon-cinema-4d-logo-vector-300x300.png\" alt=\"\" width=\"300\" height=\"300\" class=\"aligncenter size-medium wp-image-200\" srcset=\"https:\/\/kraphik3d.com\/wp-content\/uploads\/2026\/03\/321-3217920_cinema-4d-logo-maxon-cinema-4d-logo-vector-300x300.png 300w, https:\/\/kraphik3d.com\/wp-content\/uploads\/2026\/03\/321-3217920_cinema-4d-logo-maxon-cinema-4d-logo-vector-150x150.png 150w, https:\/\/kraphik3d.com\/wp-content\/uploads\/2026\/03\/321-3217920_cinema-4d-logo-maxon-cinema-4d-logo-vector.png 500w\" sizes=\"auto, (max-width: 300px) 100vw, 300px\" \/><\/a><\/p>\n","protected":false},"excerpt":{"rendered":"<p>Cinema 4D opetustilaisuudet Kraphik 3D tarjoaa Cinema 4D koulutusta sek\u00e4 Teams v\u00e4litteisesti ett\u00e4 asiakkaan tiloissa. Allekirjoittanut on tehnyt koulutuksia aina alkaen vuodesta 2011. Olin t\u00f6iss\u00e4 maahantuojalla vuonna 2010, jossa sain koulutuksen ohjelmaan sek\u00e4 j\u00e4lleenmyyj\u00e4lt\u00e4 ett\u00e4 lis\u00e4koulutuksia sen kehitt\u00e4jilt\u00e4 Saksasta. Mik\u00e4 Cinema 4D on? Cinema 4D on kaupallinen kolmiulotteiseen mallinnukseen sek\u00e4 animointiin tarkoitettu ohjelma. Sen on [&hellip;]<\/p>\n","protected":false},"author":1,"featured_media":0,"parent":0,"menu_order":0,"comment_status":"closed","ping_status":"closed","template":"","meta":{"footnotes":""},"categories":[],"tags":[],"class_list":["post-198","page","type-page","status-publish","hentry"],"_links":{"self":[{"href":"https:\/\/kraphik3d.com\/index.php\/wp-json\/wp\/v2\/pages\/198","targetHints":{"allow":["GET"]}}],"collection":[{"href":"https:\/\/kraphik3d.com\/index.php\/wp-json\/wp\/v2\/pages"}],"about":[{"href":"https:\/\/kraphik3d.com\/index.php\/wp-json\/wp\/v2\/types\/page"}],"author":[{"embeddable":true,"href":"https:\/\/kraphik3d.com\/index.php\/wp-json\/wp\/v2\/users\/1"}],"replies":[{"embeddable":true,"href":"https:\/\/kraphik3d.com\/index.php\/wp-json\/wp\/v2\/comments?post=198"}],"version-history":[{"count":11,"href":"https:\/\/kraphik3d.com\/index.php\/wp-json\/wp\/v2\/pages\/198\/revisions"}],"predecessor-version":[{"id":265,"href":"https:\/\/kraphik3d.com\/index.php\/wp-json\/wp\/v2\/pages\/198\/revisions\/265"}],"wp:attachment":[{"href":"https:\/\/kraphik3d.com\/index.php\/wp-json\/wp\/v2\/media?parent=198"}],"wp:term":[{"taxonomy":"category","embeddable":true,"href":"https:\/\/kraphik3d.com\/index.php\/wp-json\/wp\/v2\/categories?post=198"},{"taxonomy":"post_tag","embeddable":true,"href":"https:\/\/kraphik3d.com\/index.php\/wp-json\/wp\/v2\/tags?post=198"}],"curies":[{"name":"wp","href":"https:\/\/api.w.org\/{rel}","templated":true}]}}