{"id":211,"date":"2026-03-12T15:27:41","date_gmt":"2026-03-12T15:27:41","guid":{"rendered":"https:\/\/kraphik3d.com\/?page_id=211"},"modified":"2026-03-26T12:03:18","modified_gmt":"2026-03-26T12:03:18","slug":"yritys","status":"publish","type":"page","link":"https:\/\/kraphik3d.com\/index.php\/yritys\/","title":{"rendered":"Yritys"},"content":{"rendered":"<p><a href=\"https:\/\/kraphik3d.com\/wp-content\/uploads\/2026\/03\/skrolli_marketing_landscape_web.jpg\"><img loading=\"lazy\" decoding=\"async\" src=\"https:\/\/kraphik3d.com\/wp-content\/uploads\/2026\/03\/skrolli_marketing_landscape_web-300x150.jpg\" alt=\"\" width=\"300\" height=\"150\" class=\"alignleft size-medium wp-image-220\" srcset=\"https:\/\/kraphik3d.com\/wp-content\/uploads\/2026\/03\/skrolli_marketing_landscape_web-300x150.jpg 300w, https:\/\/kraphik3d.com\/wp-content\/uploads\/2026\/03\/skrolli_marketing_landscape_web-1024x512.jpg 1024w, https:\/\/kraphik3d.com\/wp-content\/uploads\/2026\/03\/skrolli_marketing_landscape_web-768x384.jpg 768w, https:\/\/kraphik3d.com\/wp-content\/uploads\/2026\/03\/skrolli_marketing_landscape_web-100x50.jpg 100w, https:\/\/kraphik3d.com\/wp-content\/uploads\/2026\/03\/skrolli_marketing_landscape_web-150x75.jpg 150w, https:\/\/kraphik3d.com\/wp-content\/uploads\/2026\/03\/skrolli_marketing_landscape_web-200x100.jpg 200w, https:\/\/kraphik3d.com\/wp-content\/uploads\/2026\/03\/skrolli_marketing_landscape_web-450x225.jpg 450w, https:\/\/kraphik3d.com\/wp-content\/uploads\/2026\/03\/skrolli_marketing_landscape_web-600x300.jpg 600w, https:\/\/kraphik3d.com\/wp-content\/uploads\/2026\/03\/skrolli_marketing_landscape_web-900x450.jpg 900w, https:\/\/kraphik3d.com\/wp-content\/uploads\/2026\/03\/skrolli_marketing_landscape_web.jpg 1500w\" sizes=\"auto, (max-width: 300px) 100vw, 300px\" \/><\/a><\/p>\n<p>Kraphik 3D on 3d-visualisoinnin ja kuvittamisen rautainen ammattilainen.<br \/>\nYritys on vuodesta 2006 asti tuottanut 3d-animaatioita, 3d-visualisointia, koulutusta, kuvitusta,<br \/>\nlehtiartikkeleita ja logoja.<\/p>\n<p>Yritys on t\u00e4ytt\u00e4nyt helmikuussa 2026 py\u00f6re\u00e4t 20 vuotta.<\/p>\n<p>\n<p><a href=\"https:\/\/kraphik3d.com\/wp-content\/uploads\/2026\/03\/helmi_06.jpg\"><img loading=\"lazy\" decoding=\"async\" src=\"https:\/\/kraphik3d.com\/wp-content\/uploads\/2026\/03\/helmi_06-300x283.jpg\" alt=\"\" width=\"300\" height=\"283\" class=\"alignleft size-medium wp-image-276\" srcset=\"https:\/\/kraphik3d.com\/wp-content\/uploads\/2026\/03\/helmi_06-300x283.jpg 300w, https:\/\/kraphik3d.com\/wp-content\/uploads\/2026\/03\/helmi_06-768x725.jpg 768w, https:\/\/kraphik3d.com\/wp-content\/uploads\/2026\/03\/helmi_06.jpg 971w\" sizes=\"auto, (max-width: 300px) 100vw, 300px\" \/><\/a><br \/>\nOte lehtijutusta uudesta yrityksest\u00e4 vuodelta 2006.<br \/>\nNyt j\u00e4lkik\u00e4teen voi sanoa, ett\u00e4 jostain sit\u00e4 pit\u00e4\u00e4 aloittaa. <\/p>\n","protected":false},"excerpt":{"rendered":"<p>Kraphik 3D on 3d-visualisoinnin ja kuvittamisen rautainen ammattilainen. Yritys on vuodesta 2006 asti tuottanut 3d-animaatioita, 3d-visualisointia, koulutusta, kuvitusta, lehtiartikkeleita ja logoja. Yritys on t\u00e4ytt\u00e4nyt helmikuussa 2026 py\u00f6re\u00e4t 20 vuotta. Ote lehtijutusta uudesta yrityksest\u00e4 vuodelta 2006. Nyt j\u00e4lkik\u00e4teen voi sanoa, ett\u00e4 jostain sit\u00e4 pit\u00e4\u00e4 aloittaa.<\/p>\n","protected":false},"author":1,"featured_media":0,"parent":0,"menu_order":0,"comment_status":"closed","ping_status":"closed","template":"","meta":{"footnotes":""},"categories":[],"tags":[],"class_list":["post-211","page","type-page","status-publish","hentry"],"_links":{"self":[{"href":"https:\/\/kraphik3d.com\/index.php\/wp-json\/wp\/v2\/pages\/211","targetHints":{"allow":["GET"]}}],"collection":[{"href":"https:\/\/kraphik3d.com\/index.php\/wp-json\/wp\/v2\/pages"}],"about":[{"href":"https:\/\/kraphik3d.com\/index.php\/wp-json\/wp\/v2\/types\/page"}],"author":[{"embeddable":true,"href":"https:\/\/kraphik3d.com\/index.php\/wp-json\/wp\/v2\/users\/1"}],"replies":[{"embeddable":true,"href":"https:\/\/kraphik3d.com\/index.php\/wp-json\/wp\/v2\/comments?post=211"}],"version-history":[{"count":14,"href":"https:\/\/kraphik3d.com\/index.php\/wp-json\/wp\/v2\/pages\/211\/revisions"}],"predecessor-version":[{"id":283,"href":"https:\/\/kraphik3d.com\/index.php\/wp-json\/wp\/v2\/pages\/211\/revisions\/283"}],"wp:attachment":[{"href":"https:\/\/kraphik3d.com\/index.php\/wp-json\/wp\/v2\/media?parent=211"}],"wp:term":[{"taxonomy":"category","embeddable":true,"href":"https:\/\/kraphik3d.com\/index.php\/wp-json\/wp\/v2\/categories?post=211"},{"taxonomy":"post_tag","embeddable":true,"href":"https:\/\/kraphik3d.com\/index.php\/wp-json\/wp\/v2\/tags?post=211"}],"curies":[{"name":"wp","href":"https:\/\/api.w.org\/{rel}","templated":true}]}}