{"id":288,"date":"2026-03-31T15:09:43","date_gmt":"2026-03-31T15:09:43","guid":{"rendered":"https:\/\/kraphik3d.com\/?page_id=288"},"modified":"2026-03-31T15:25:31","modified_gmt":"2026-03-31T15:25:31","slug":"3d-mallintaminen","status":"publish","type":"page","link":"https:\/\/kraphik3d.com\/index.php\/3d-visualisointia\/3d-mallintaminen\/","title":{"rendered":"3D-Mallintaminen"},"content":{"rendered":"<p>Kraphik 3D mallintaa l\u00e4hes mink\u00e4 tahansa kappaleen piirustusten pohjalta.<br \/>\nEsimerkkin\u00e4 X-siipi h\u00e4vitt\u00e4j\u00e4 elokuvasta Star Wars.<\/p>\n<div class=\"sketchfab-embed-wrapper\"> <iframe loading=\"lazy\" title=\"Xwing By Kraphik3d\" frameborder=\"0\" allowfullscreen mozallowfullscreen=\"true\" webkitallowfullscreen=\"true\" allow=\"autoplay; fullscreen; xr-spatial-tracking\" xr-spatial-tracking execution-while-out-of-viewport execution-while-not-rendered web-share width=\"1024\" height=\"768\" src=\"https:\/\/sketchfab.com\/models\/09c572d98ad2456ca7ac28e8bc565b80\/embed?autostart=1&#038;camera=0&#038;annotations_visible=1&#038;preload=1&#038;annotation_cycle=15\"> <\/iframe> <\/p>\n<p style=\"font-size: 13px; font-weight: normal; margin: 5px; color: #4A4A4A;\"> <a href=\"https:\/\/sketchfab.com\/3d-models\/xwing-by-kraphik3d-09c572d98ad2456ca7ac28e8bc565b80?utm_medium=embed&#038;utm_campaign=share-popup&#038;utm_content=09c572d98ad2456ca7ac28e8bc565b80\" target=\"_blank\" rel=\"nofollow\" style=\"font-weight: bold; color: #1CAAD9;\"> Xwing By Kraphik3d <\/a> by <a href=\"https:\/\/sketchfab.com\/kraphik3d?utm_medium=embed&#038;utm_campaign=share-popup&#038;utm_content=09c572d98ad2456ca7ac28e8bc565b80\" target=\"_blank\" rel=\"nofollow\" style=\"font-weight: bold; color: #1CAAD9;\"> kraphik3d <\/a> on <a href=\"https:\/\/sketchfab.com?utm_medium=embed&#038;utm_campaign=share-popup&#038;utm_content=09c572d98ad2456ca7ac28e8bc565b80\" target=\"_blank\" rel=\"nofollow\" style=\"font-weight: bold; color: #1CAAD9;\">Sketchfab<\/a><\/p>\n<\/div>\n<p><a href=\"https:\/\/kraphik3d.com\/wp-content\/uploads\/2026\/03\/xwing_blueprints.jpg\"><img loading=\"lazy\" decoding=\"async\" src=\"https:\/\/kraphik3d.com\/wp-content\/uploads\/2026\/03\/xwing_blueprints-1024x717.jpg\" alt=\"\" width=\"1024\" height=\"717\" class=\"aligncenter size-large wp-image-294\" srcset=\"https:\/\/kraphik3d.com\/wp-content\/uploads\/2026\/03\/xwing_blueprints-1024x717.jpg 1024w, https:\/\/kraphik3d.com\/wp-content\/uploads\/2026\/03\/xwing_blueprints-300x210.jpg 300w, https:\/\/kraphik3d.com\/wp-content\/uploads\/2026\/03\/xwing_blueprints-768x538.jpg 768w, https:\/\/kraphik3d.com\/wp-content\/uploads\/2026\/03\/xwing_blueprints.jpg 1140w\" sizes=\"auto, (max-width: 1024px) 100vw, 1024px\" \/><\/a><\/p>\n<p>Arkkitehtuurimallinnus<\/p>\n<p><a href=\"https:\/\/kraphik3d.com\/wp-content\/uploads\/2025\/04\/katarina_piha_web-scaled.jpg\"><img loading=\"lazy\" decoding=\"async\" src=\"https:\/\/kraphik3d.com\/wp-content\/uploads\/2025\/04\/katarina_piha_web-1024x724.jpg\" alt=\"\" width=\"1024\" height=\"724\" class=\"aligncenter size-large wp-image-148\" srcset=\"https:\/\/kraphik3d.com\/wp-content\/uploads\/2025\/04\/katarina_piha_web-1024x724.jpg 1024w, https:\/\/kraphik3d.com\/wp-content\/uploads\/2025\/04\/katarina_piha_web-300x212.jpg 300w, https:\/\/kraphik3d.com\/wp-content\/uploads\/2025\/04\/katarina_piha_web-768x543.jpg 768w, https:\/\/kraphik3d.com\/wp-content\/uploads\/2025\/04\/katarina_piha_web-1536x1086.jpg 1536w, https:\/\/kraphik3d.com\/wp-content\/uploads\/2025\/04\/katarina_piha_web-2048x1448.jpg 2048w\" sizes=\"auto, (max-width: 1024px) 100vw, 1024px\" \/><\/a><\/p>\n","protected":false},"excerpt":{"rendered":"<p>Kraphik 3D mallintaa l\u00e4hes mink\u00e4 tahansa kappaleen piirustusten pohjalta. Esimerkkin\u00e4 X-siipi h\u00e4vitt\u00e4j\u00e4 elokuvasta Star Wars. Xwing By Kraphik3d by kraphik3d on Sketchfab Arkkitehtuurimallinnus<\/p>\n","protected":false},"author":1,"featured_media":0,"parent":71,"menu_order":0,"comment_status":"closed","ping_status":"closed","template":"","meta":{"footnotes":""},"categories":[],"tags":[],"class_list":["post-288","page","type-page","status-publish","hentry"],"_links":{"self":[{"href":"https:\/\/kraphik3d.com\/index.php\/wp-json\/wp\/v2\/pages\/288","targetHints":{"allow":["GET"]}}],"collection":[{"href":"https:\/\/kraphik3d.com\/index.php\/wp-json\/wp\/v2\/pages"}],"about":[{"href":"https:\/\/kraphik3d.com\/index.php\/wp-json\/wp\/v2\/types\/page"}],"author":[{"embeddable":true,"href":"https:\/\/kraphik3d.com\/index.php\/wp-json\/wp\/v2\/users\/1"}],"replies":[{"embeddable":true,"href":"https:\/\/kraphik3d.com\/index.php\/wp-json\/wp\/v2\/comments?post=288"}],"version-history":[{"count":5,"href":"https:\/\/kraphik3d.com\/index.php\/wp-json\/wp\/v2\/pages\/288\/revisions"}],"predecessor-version":[{"id":295,"href":"https:\/\/kraphik3d.com\/index.php\/wp-json\/wp\/v2\/pages\/288\/revisions\/295"}],"up":[{"embeddable":true,"href":"https:\/\/kraphik3d.com\/index.php\/wp-json\/wp\/v2\/pages\/71"}],"wp:attachment":[{"href":"https:\/\/kraphik3d.com\/index.php\/wp-json\/wp\/v2\/media?parent=288"}],"wp:term":[{"taxonomy":"category","embeddable":true,"href":"https:\/\/kraphik3d.com\/index.php\/wp-json\/wp\/v2\/categories?post=288"},{"taxonomy":"post_tag","embeddable":true,"href":"https:\/\/kraphik3d.com\/index.php\/wp-json\/wp\/v2\/tags?post=288"}],"curies":[{"name":"wp","href":"https:\/\/api.w.org\/{rel}","templated":true}]}}