{"id":71,"date":"2024-09-08T08:22:09","date_gmt":"2024-09-08T08:22:09","guid":{"rendered":"https:\/\/kraphik3d.com\/?page_id=71"},"modified":"2026-03-24T15:34:00","modified_gmt":"2026-03-24T15:34:00","slug":"3d-visualisointia","status":"publish","type":"page","link":"https:\/\/kraphik3d.com\/index.php\/3d-visualisointia\/","title":{"rendered":"Palvelut"},"content":{"rendered":"<p><strong>Palvelut<\/strong><\/p>\n<p>&#8211; 3D-Visualisointi<br \/>\n&#8211; 3D-Animaatiot<br \/>\n&#8211; Cinema 4D koulutus<br \/>\n&#8211; Cinema 4D Renderointi, teksturointi ja valaisuapu. Projektinhallinta.<\/p>\n<p><strong>Monimediatuotanto: printti ja fyysinen media<\/strong><\/p>\n<p><strong>Yritysgrafiikka <\/strong><\/p>\n<p>&#8211; Logot ja k\u00e4yntikortit. Tottakai joku 3D-grafiikka siihen!<br \/>\n&#8211; HTML ja WordPress-sivustot<\/p>\n<p><strong>Printtimedia <\/strong><\/p>\n<p>Visuaalisen kuvitusaineston tekeminen painoon saakka<br \/>\njulisteisiin ja julkaistaviin aikakauslehtiin. <\/p>\n<p><strong>Fyysinen media<\/strong><\/p>\n<p>-Sis\u00e4ll\u00f6n tuottaminen cdr-levy -ja dvd-julkaisuille, joita voidaan<br \/>\npy\u00f6ritt\u00e4\u00e4 messuilla ja muissa tuote-esittelytilaisuuksissa.<br \/>\nAineistojen varmuuskopiot mahdollista my\u00f6s toimittaa cdr-levyll\u00e4.<\/p>\n","protected":false},"excerpt":{"rendered":"<p>Palvelut &#8211; 3D-Visualisointi &#8211; 3D-Animaatiot &#8211; Cinema 4D koulutus &#8211; Cinema 4D Renderointi, teksturointi ja valaisuapu. Projektinhallinta. Monimediatuotanto: printti ja fyysinen media Yritysgrafiikka &#8211; Logot ja k\u00e4yntikortit. Tottakai joku 3D-grafiikka siihen! &#8211; HTML ja WordPress-sivustot Printtimedia Visuaalisen kuvitusaineston tekeminen painoon saakka julisteisiin ja julkaistaviin aikakauslehtiin. Fyysinen media -Sis\u00e4ll\u00f6n tuottaminen cdr-levy -ja dvd-julkaisuille, joita voidaan py\u00f6ritt\u00e4\u00e4 [&hellip;]<\/p>\n","protected":false},"author":1,"featured_media":0,"parent":0,"menu_order":1,"comment_status":"closed","ping_status":"closed","template":"","meta":{"footnotes":""},"categories":[],"tags":[],"class_list":["post-71","page","type-page","status-publish","hentry"],"_links":{"self":[{"href":"https:\/\/kraphik3d.com\/index.php\/wp-json\/wp\/v2\/pages\/71","targetHints":{"allow":["GET"]}}],"collection":[{"href":"https:\/\/kraphik3d.com\/index.php\/wp-json\/wp\/v2\/pages"}],"about":[{"href":"https:\/\/kraphik3d.com\/index.php\/wp-json\/wp\/v2\/types\/page"}],"author":[{"embeddable":true,"href":"https:\/\/kraphik3d.com\/index.php\/wp-json\/wp\/v2\/users\/1"}],"replies":[{"embeddable":true,"href":"https:\/\/kraphik3d.com\/index.php\/wp-json\/wp\/v2\/comments?post=71"}],"version-history":[{"count":30,"href":"https:\/\/kraphik3d.com\/index.php\/wp-json\/wp\/v2\/pages\/71\/revisions"}],"predecessor-version":[{"id":245,"href":"https:\/\/kraphik3d.com\/index.php\/wp-json\/wp\/v2\/pages\/71\/revisions\/245"}],"wp:attachment":[{"href":"https:\/\/kraphik3d.com\/index.php\/wp-json\/wp\/v2\/media?parent=71"}],"wp:term":[{"taxonomy":"category","embeddable":true,"href":"https:\/\/kraphik3d.com\/index.php\/wp-json\/wp\/v2\/categories?post=71"},{"taxonomy":"post_tag","embeddable":true,"href":"https:\/\/kraphik3d.com\/index.php\/wp-json\/wp\/v2\/tags?post=71"}],"curies":[{"name":"wp","href":"https:\/\/api.w.org\/{rel}","templated":true}]}}